{"id":298,"date":"2023-03-03T12:17:47","date_gmt":"2023-03-03T12:17:47","guid":{"rendered":"https:\/\/themegenix.net\/reland\/?page_id=298"},"modified":"2025-09-15T23:25:49","modified_gmt":"2025-09-15T21:25:49","slug":"oferty","status":"publish","type":"page","link":"https:\/\/lokalnebiuronieruchomosci.pl\/?page_id=298","title":{"rendered":"Oferty"},"content":{"rendered":"\t\t<div data-elementor-type=\"wp-page\" data-elementor-id=\"298\" class=\"elementor elementor-298\">\n\t\t\t\t\t\t<section class=\"elementor-section elementor-top-section elementor-element elementor-element-806e7b8 elementor-section-full_width elementor-section-height-default elementor-section-height-default\" data-id=\"806e7b8\" data-element_type=\"section\" data-e-type=\"section\">\n\t\t\t\t\t\t<div class=\"elementor-container elementor-column-gap-no\">\n\t\t\t\t\t<div class=\"elementor-column elementor-col-100 elementor-top-column elementor-element elementor-element-4af9b40\" data-id=\"4af9b40\" data-element_type=\"column\" data-e-type=\"column\">\n\t\t\t<div class=\"elementor-widget-wrap elementor-element-populated\">\n\t\t\t\t\t\t<div class=\"elementor-element elementor-element-acc1e82 elementor-widget elementor-widget-project-grid\" data-id=\"acc1e82\" data-element_type=\"widget\" data-e-type=\"widget\" data-widget_type=\"project-grid.default\">\n\t\t\t\t<div class=\"elementor-widget-container\">\n\t\t\t\t\t\r\n        <!-- project-area -->\r\n        <section class=\"inner-project-area\">\r\n            <div class=\"container\">\r\n                                    <div class=\"project-top-meta mb-50\">\r\n                        <form action=\"#\">\r\n                            <div class=\"row\">\r\n                                <div class=\"col-xl-4\">\r\n                                    <div class=\"form-grp\">\r\n                                        <input type=\"text\" placeholder=\"Wyszukaj nieruchomo\u015b\u0107...\" id=\"project-search\">\r\n                                        <button type=\"submit\"><i class=\"fas fa-search\"><\/i><\/button>\r\n                                    <\/div>\r\n                                <\/div>\r\n                                <div class=\"col-xl-8\">\r\n                                    <div class=\"row\">\r\n                                        <div class=\"col-md-4 col-sm-6\">\r\n                                            <div class=\"form-grp select\">\r\n                                                <select id=\"project-status\" name=\"select\" class=\"form-select\" aria-label=\"Default select example\">\r\n                                                    <option value=\"\">Cel<\/option>\r\n                                                                                                            <option value=\"sprzedaz\">Sprzeda\u017c<\/option>\r\n                                                                                                            <option value=\"wynajem\">Wynajem<\/option>\r\n                                                                                                    <\/select>\r\n                                            <\/div>\r\n                                        <\/div>\r\n                                        <div class=\"col-md-4 col-sm-6\">\r\n                                            <div class=\"form-grp select\">\r\n                                                <select id=\"project-type\" name=\"select\" class=\"form-select\" aria-label=\"Default select example\">\r\n                                                    <option value=\"\">Typ nieruchomo\u015bci<\/option>\r\n                                                                                                            <option value=\"dom\">Dom<\/option>\r\n                                                                                                            <option value=\"dzialka\">Dzia\u0142ka<\/option>\r\n                                                                                                            <option value=\"lokal-uslugowy\">Lokal Us\u0142ugowy<\/option>\r\n                                                                                                            <option value=\"mieszkanie\">Mieszkanie<\/option>\r\n                                                                                                    <\/select>\r\n                                            <\/div>\r\n                                        <\/div>\r\n                                        <div class=\"col-md-4\">\r\n                                            <div class=\"form-grp select\">\r\n                                                <select id=\"project-location\" name=\"select\" class=\"form-select\" aria-label=\"Default select example\">\r\n                                                    <option value=\"\">Lokalizacja<\/option>\r\n                                                                                                            <option value=\"inne\">Inne<\/option>\r\n                                                                                                            <option value=\"kazimierz-dolny\">Kazimierz Dolny<\/option>\r\n                                                                                                            <option value=\"naleczow\">Na\u0142\u0119cz\u00f3w<\/option>\r\n                                                                                                            <option value=\"pulawy\">Pu\u0142awy<\/option>\r\n                                                                                                            <option value=\"warszawa\">Warszawa<\/option>\r\n                                                                                                    <\/select>\r\n                                            <\/div>\r\n                                        <\/div>\r\n                                    <\/div>\r\n                                <\/div>\r\n                            <\/div>\r\n                        <\/form>\r\n                    <\/div>\r\n                \r\n                <div class=\"project-item-wrap\">\r\n                    <div class=\"row\">\r\n                                                    <div class=\"col-lg-4 col-md-6\">\r\n                                <div class=\"project-item\">\r\n                                    <div class=\"project-thumb\">\r\n                                        <a href=\"https:\/\/lokalnebiuronieruchomosci.pl\/?project=rodzinny-dom\">\r\n                                            <img fetchpriority=\"high\" decoding=\"async\" width=\"1417\" height=\"944\" src=\"https:\/\/lokalnebiuronieruchomosci.pl\/wp-content\/uploads\/2025\/09\/image-7.png\" class=\"img-responsive wp-post-image\" alt=\"\" srcset=\"https:\/\/lokalnebiuronieruchomosci.pl\/wp-content\/uploads\/2025\/09\/image-7.png 1417w, https:\/\/lokalnebiuronieruchomosci.pl\/wp-content\/uploads\/2025\/09\/image-7-300x200.png 300w, https:\/\/lokalnebiuronieruchomosci.pl\/wp-content\/uploads\/2025\/09\/image-7-1024x682.png 1024w, https:\/\/lokalnebiuronieruchomosci.pl\/wp-content\/uploads\/2025\/09\/image-7-768x512.png 768w\" sizes=\"(max-width: 1417px) 100vw, 1417px\" \/>                                        <\/a>\r\n                                    <\/div>\r\n                                    <div class=\"project-content\">\r\n                                        <h3 class=\"title\"><a href=\"https:\/\/lokalnebiuronieruchomosci.pl\/?project=rodzinny-dom\">Dom Jednorodzinny<\/a><\/h3>\r\n\r\n                                                                                    <span>ul. S\u0142owackiego 24, Pu\u0142awy<\/span>\r\n                                        \r\n                                    <\/div>\r\n                                <\/div>\r\n                            <\/div>\r\n\r\n                        \r\n                    <\/div>\r\n                <\/div>\r\n\r\n                <div class=\"pagination-wrap\">\r\n                    <nav class=\"project-pagination\" aria-label=\"Page navigation example\">\r\n                                            <\/nav>\r\n                <\/div>\r\n\r\n            <\/div>\r\n        <\/section>\r\n        <!-- project-area-end -->\r\n\r\n\t\t\t\t<\/div>\n\t\t\t\t<\/div>\n\t\t\t\t\t<\/div>\n\t\t<\/div>\n\t\t\t\t\t<\/div>\n\t\t<\/section>\n\t\t\t\t<\/div>\n\t\t","protected":false},"excerpt":{"rendered":"<p>CelCompletedPendingUnder Work Typ nieruchomo\u015bciApartmentCommercialCommunityReady Flat LokalizacjaBala CynwydMontanaNew York CityPasadenaSanta MonicaSouth CarolinaUnited Arab Emirates New Central Garden New York City, NY City Shopping Complex Bryn Mawr Park, NYC Paragon Hotel Concept Lexington, South Carolina Brunswick West Wing Gibson Pond Park, SC Andorra Shopping Center Santa Monica, California Hastings Ranch Plaza Pasadena, CA 1 2 3<\/p>\n","protected":false},"author":1,"featured_media":0,"parent":0,"menu_order":0,"comment_status":"closed","ping_status":"closed","template":"elementor_header_footer","meta":{"_acf_changed":false,"_monsterinsights_skip_tracking":false,"_monsterinsights_sitenote_active":false,"_monsterinsights_sitenote_note":"","_monsterinsights_sitenote_category":0,"footnotes":""},"class_list":["post-298","page","type-page","status-publish","hentry"],"acf":[],"aioseo_notices":[],"_links":{"self":[{"href":"https:\/\/lokalnebiuronieruchomosci.pl\/index.php?rest_route=\/wp\/v2\/pages\/298","targetHints":{"allow":["GET"]}}],"collection":[{"href":"https:\/\/lokalnebiuronieruchomosci.pl\/index.php?rest_route=\/wp\/v2\/pages"}],"about":[{"href":"https:\/\/lokalnebiuronieruchomosci.pl\/index.php?rest_route=\/wp\/v2\/types\/page"}],"author":[{"embeddable":true,"href":"https:\/\/lokalnebiuronieruchomosci.pl\/index.php?rest_route=\/wp\/v2\/users\/1"}],"replies":[{"embeddable":true,"href":"https:\/\/lokalnebiuronieruchomosci.pl\/index.php?rest_route=%2Fwp%2Fv2%2Fcomments&post=298"}],"version-history":[{"count":12,"href":"https:\/\/lokalnebiuronieruchomosci.pl\/index.php?rest_route=\/wp\/v2\/pages\/298\/revisions"}],"predecessor-version":[{"id":1436,"href":"https:\/\/lokalnebiuronieruchomosci.pl\/index.php?rest_route=\/wp\/v2\/pages\/298\/revisions\/1436"}],"wp:attachment":[{"href":"https:\/\/lokalnebiuronieruchomosci.pl\/index.php?rest_route=%2Fwp%2Fv2%2Fmedia&parent=298"}],"curies":[{"name":"wp","href":"https:\/\/api.w.org\/{rel}","templated":true}]}}